{"id":62,"date":"2009-09-10T20:08:37","date_gmt":"2009-09-10T18:08:37","guid":{"rendered":"http:\/\/www.kammermusikforum.de\/?page_id=62"},"modified":"2010-08-03T06:22:54","modified_gmt":"2010-08-03T04:22:54","slug":"links","status":"publish","type":"page","link":"https:\/\/www.kammermusikforum.de\/?page_id=62","title":{"rendered":"Links"},"content":{"rendered":"<p>Trotz sorgf\u00e4ltiger inhaltlicher Kontrolle \u00fcbernehmen wir keine Haftung f\u00fcr die Inhalte externer Links. F\u00fcr den Inhalt der verlinkten Seiten sind ausschlie\u00dflich deren Betreiber verantwortlich.<\/p>\n<p><a href=\"http:\/\/www.sixti-kantorei.de\" target=\"_blank\">Kantorei St. Sixti<\/a><\/p>\n<p><a href=\"http:\/\/www.kulturbonus.info\/\" target=\"_blank\">Kulturbonus Niedersachsen<\/a><\/p>\n","protected":false},"excerpt":{"rendered":"<p>Trotz sorgf\u00e4ltiger inhaltlicher Kontrolle \u00fcbernehmen wir keine Haftung f\u00fcr die Inhalte externer Links. F\u00fcr den Inhalt der verlinkten Seiten sind ausschlie\u00dflich deren Betreiber verantwortlich. Kantorei St. Sixti Kulturbonus Niedersachsen<\/p>\n","protected":false},"author":1,"featured_media":0,"parent":0,"menu_order":0,"comment_status":"closed","ping_status":"closed","template":"","meta":{"footnotes":""},"class_list":["post-62","page","type-page","status-publish","hentry"],"_links":{"self":[{"href":"https:\/\/www.kammermusikforum.de\/index.php?rest_route=\/wp\/v2\/pages\/62","targetHints":{"allow":["GET"]}}],"collection":[{"href":"https:\/\/www.kammermusikforum.de\/index.php?rest_route=\/wp\/v2\/pages"}],"about":[{"href":"https:\/\/www.kammermusikforum.de\/index.php?rest_route=\/wp\/v2\/types\/page"}],"author":[{"embeddable":true,"href":"https:\/\/www.kammermusikforum.de\/index.php?rest_route=\/wp\/v2\/users\/1"}],"replies":[{"embeddable":true,"href":"https:\/\/www.kammermusikforum.de\/index.php?rest_route=%2Fwp%2Fv2%2Fcomments&post=62"}],"version-history":[{"count":9,"href":"https:\/\/www.kammermusikforum.de\/index.php?rest_route=\/wp\/v2\/pages\/62\/revisions"}],"predecessor-version":[{"id":148,"href":"https:\/\/www.kammermusikforum.de\/index.php?rest_route=\/wp\/v2\/pages\/62\/revisions\/148"}],"wp:attachment":[{"href":"https:\/\/www.kammermusikforum.de\/index.php?rest_route=%2Fwp%2Fv2%2Fmedia&parent=62"}],"curies":[{"name":"wp","href":"https:\/\/api.w.org\/{rel}","templated":true}]}}