{"id":426,"date":"2016-02-22T22:37:14","date_gmt":"2016-02-22T20:37:14","guid":{"rendered":"http:\/\/www.kammermusikforum.de\/?page_id=426"},"modified":"2017-04-25T19:39:26","modified_gmt":"2017-04-25T17:39:26","slug":"beitrittserklaerung","status":"publish","type":"page","link":"https:\/\/www.kammermusikforum.de\/?page_id=426","title":{"rendered":"Beitrittserkl\u00e4rung"},"content":{"rendered":"<p><strong><span style=\"color: #000000;\"><a href=\"http:\/\/www.kammermusikforum.de\/?attachment_id=440\" rel=\"attachment wp-att-440\">Flyer, Beitrittserkl\u00e4rung, Lastschrift<\/a>\u00a0 Beitrittserkl\u00e4rung<\/span><\/strong><\/p>\n<hr \/>\n<p>Mit dem oben angegebenen Link k\u00f6nnen Sie sich eine Beitrittserkl\u00e4rung \u00f6ffnen. Die ge\u00f6ffnete Seite l\u00e4sst sich dann ausf\u00fcllen, ausdrucken und dann in einem Briefumschlag abschicken, beziehungsweise speichern. Dann l\u00e4sst sich dieses Blatt auch per Mail bef\u00f6rdern.<\/p>\n<p style=\"text-align: justify;\">\n","protected":false},"excerpt":{"rendered":"<p>Flyer, Beitrittserkl\u00e4rung, Lastschrift\u00a0 Beitrittserkl\u00e4rung Mit dem oben angegebenen Link k\u00f6nnen Sie sich eine Beitrittserkl\u00e4rung \u00f6ffnen. Die ge\u00f6ffnete Seite l\u00e4sst sich dann ausf\u00fcllen, ausdrucken und dann in einem Briefumschlag abschicken, beziehungsweise speichern. Dann l\u00e4sst sich dieses Blatt auch per Mail bef\u00f6rdern.<\/p>\n","protected":false},"author":1,"featured_media":0,"parent":0,"menu_order":0,"comment_status":"closed","ping_status":"closed","template":"","meta":{"footnotes":""},"class_list":["post-426","page","type-page","status-publish","hentry"],"_links":{"self":[{"href":"https:\/\/www.kammermusikforum.de\/index.php?rest_route=\/wp\/v2\/pages\/426","targetHints":{"allow":["GET"]}}],"collection":[{"href":"https:\/\/www.kammermusikforum.de\/index.php?rest_route=\/wp\/v2\/pages"}],"about":[{"href":"https:\/\/www.kammermusikforum.de\/index.php?rest_route=\/wp\/v2\/types\/page"}],"author":[{"embeddable":true,"href":"https:\/\/www.kammermusikforum.de\/index.php?rest_route=\/wp\/v2\/users\/1"}],"replies":[{"embeddable":true,"href":"https:\/\/www.kammermusikforum.de\/index.php?rest_route=%2Fwp%2Fv2%2Fcomments&post=426"}],"version-history":[{"count":4,"href":"https:\/\/www.kammermusikforum.de\/index.php?rest_route=\/wp\/v2\/pages\/426\/revisions"}],"predecessor-version":[{"id":443,"href":"https:\/\/www.kammermusikforum.de\/index.php?rest_route=\/wp\/v2\/pages\/426\/revisions\/443"}],"wp:attachment":[{"href":"https:\/\/www.kammermusikforum.de\/index.php?rest_route=%2Fwp%2Fv2%2Fmedia&parent=426"}],"curies":[{"name":"wp","href":"https:\/\/api.w.org\/{rel}","templated":true}]}}