{"id":105,"date":"2026-01-27T12:10:35","date_gmt":"2026-01-27T10:10:35","guid":{"rendered":"http:\/\/www.kammermusikforum.de\/?page_id=105"},"modified":"2026-03-30T16:02:38","modified_gmt":"2026-03-30T14:02:38","slug":"konzerte-2010","status":"publish","type":"page","link":"https:\/\/www.kammermusikforum.de\/?page_id=105","title":{"rendered":"Konzerte 2026"},"content":{"rendered":"<p>Liebe Kammermusikfreunde,\u00a0 im <strong>\u00a0Konzertjahr 2026 <\/strong>pr\u00e4sentieren wir Ihnen Konzerte\u00a0 professioneller K\u00fcnstler. Das Schloss Imbshausen bietet ein einmaliges Ambiente f\u00fcr die Kammermusik im Vortragssaal. Von Northeim ist \u00fcber Langenholtensen\u00a0<strong> Imbshausen<\/strong> in kurzer Fahrzeit zu erreichen. Im Festsaal sind circa 74 Pl\u00e4tze.<\/p>\n<p>Die Eintrittskarten k\u00f6nnen Sie telefonisch\u00a0 (05551 51803) oder per Mail an <strong>heinz-weyhing@t-online.de\u00a0<\/strong> vorbestellen, oder etwa drei Wochen vor Konzertbeginn in der<\/p>\n<p align=\"center\"><strong>Buchhandlung Grimpe<\/strong><\/p>\n<p align=\"center\"><strong>Wieterstra\u00dfe, Northeim<\/strong><\/p>\n<p align=\"center\"><strong>Telefon: 05551 \u2013 91 26 91<\/strong><\/p>\n<p>oder ab <strong><span style=\"text-decoration: underline;\">16 Uhr<\/span><\/strong> an der <strong><span style=\"text-decoration: underline;\">Tageskasse in Imbshausen<\/span><\/strong> bekommen. Zu Beginn des Konzertjahres empfehlen wir ein <strong><span style=\"text-decoration: underline;\">Abonnement<\/span><\/strong> f\u00fcr alle <strong><span style=\"text-decoration: underline;\">5 Konzerte<\/span><\/strong> zum Preis von <strong>80<span style=\"text-decoration: underline;\"> \u20ac.<\/span> <\/strong>Studierende, Jugendliche und Kinder erhalten f\u00fcr 15 <strong><span style=\"text-decoration: underline;\">\u20ac<\/span><\/strong> ein <strong><span style=\"text-decoration: underline;\">Jahresabonnement.<\/span><\/strong><\/p>\n<p>Der Eintritt zu einem Konzert kostet<\/p>\n<h2 align=\"center\"><strong>20\u00a0 \u20ac<\/strong>, erm\u00e4\u00dfigt f\u00fcr Sch\u00fcler und Studenten\u00a05<strong> \u20ac, 16 \u20ac mit Schwerbehindertenausweis<\/strong><\/h2>\n<p align=\"center\"><strong>Konzertbeginn jeweils um 16.30 Uhr<\/strong><\/p>\n<p>Eine besondere Unterst\u00fctzung k\u00e4me der Kammermusikreihe zugute, wenn Sie in unserem Verein <strong><span style=\"text-decoration: underline;\">Mitglied<\/span><\/strong> w\u00fcrden. Der <strong><span style=\"text-decoration: underline;\">Jahresbeitrag<\/span><\/strong> betr\u00e4gt <strong><span style=\"text-decoration: underline;\">15 \u20ac<\/span>.<\/strong> Neue Mitglieder versetzen uns in die Lage, die Kammermusik in voller Breite anbieten zu k\u00f6nnen, vom Klavier Soloabend bis zum Streichquartett. Die K\u00fcnstler haben wir schon, denn die Imbshausener Schlosskonzerte sind in K\u00fcnstlerkreisen sehr beliebt. Die Anmeldung zum Verein geschieht \u00fcber den 1. Vorsitzenden des Vorstandes. Konzertvorschau:<\/p>\n<p>Alle Konzerte beginnen um <strong>16.30 Uhr<\/strong> im Schloss Imbshausen, <strong>Vortragssaal,\u00a0<\/strong>ab 16 Uhr \u00f6ffnet in der Regel die Tageskasse mit dem Verkauf der Restkarten aus dem Vorverkauf. Normalerweise verwenden wir einen Sitzplan, auf dem man gew\u00fcnschte Pl\u00e4tze aussuchen kann.<\/p>\n<h3>Konzertvorschau f\u00fcr das <strong>Konzertjahr 2026<\/strong><\/h3>\n<h4>Sonntag, 22. Februar 2026<\/h4>\n<p>Klavierduo Anna und Ines Walachowski (siehe: Aktuelles Programm)<\/p>\n<p>&nbsp;<\/p>\n<p><span style=\"color: #000000;\"><strong>Sonntag, 26. April 2026<\/strong><\/span><\/p>\n<p>Klavierduo Heidemarie Wiesner und John McNabb<\/p>\n<p>Werke von Johann Sebastian Bach: Schafe k\u00f6nnen sicher weiden<\/p>\n<p>Deomenico Scarlatti: Sonaten (Auswahl)<\/p>\n<p>Fr\u00e9d\u00e9ric Chopin: Trois Eccosaises op. 72 Nr. 3 (opus posthum), Nocturne, Walzer<\/p>\n<p>Gabriel Faur\u00e9: Dolly Suite<\/p>\n<p>C\u00e9cile Chaminade: Melancolie &amp; Humoresque<\/p>\n<p>George Gershwin: Songs per pianoforte solo<\/p>\n<p>Lera Auerbach: 24 Reludi: Preludi Nr. 16 e 11<\/p>\n<p>Heidemarie Wiesner: Gru\u00df an J.<\/p>\n<p>Maurice Ravel: Ma m\u00e8re l&#8217;Oye<\/p>\n<p>&nbsp;<\/p>\n<p><strong>Sonntag, 21. Juni 2026\u00a0 &#8222;Erdbeerkonzert&#8220; (In der Pause gibt es eine Schale Erdbeeren.)<\/strong><\/p>\n<p>Michel Gershwin (Violine) und Anna Victoria Tyshayeva (Klavier)<\/p>\n<p>(Programm ist noch in Vorbereitung)<\/p>\n<p>&nbsp;<\/p>\n<p><strong>Sonntag, 30. August 2026<\/strong><\/p>\n<p>Yun Qi Wong (Klavier)<\/p>\n<p>Konzertthema: &#8222;Im Spiel &#8211; Das wundervolle Geheimnis eines Lebenselixiers&#8220; mit Werken von u.a. Sergei Prokofiev, Moritz Eggert und Wolfgang Amadeus Mozart<\/p>\n<p>&nbsp;<\/p>\n<p><strong>Sonntag, 18. Oktober 2026<br \/>\n<\/strong><\/p>\n<p>Sonja Stephan (Gesang) und Yun Qi Wong (Klavier)<\/p>\n<p>Konzertthema: &#8222;Wenn man reist, ohne sich vom Fleck zu bewegen. Ein Liederabend f\u00fcr Abenteurer und Stubenhocker&#8220; mit Liedern von Brahm, Krenek, Bernstein u.a.<\/p>\n<h2>Veranstalter<\/h2>\n<p><strong>Northeimer Kammermusikforum e.V.<\/strong><\/p>\n<p><strong><em>Imbshausener Schlosskonzerte 2026<\/em><\/strong><\/p>\n<p>Alle Konzerte beginnen sonntags um <strong>16.30 Uhr<\/strong><\/p>\n<h5><strong>Neue Eintrittspreise ab 2024<\/strong><\/h5>\n<h2><strong>Erwachsene: 20 \u20ac<\/strong><\/h2>\n<h2><strong>Abonnement f\u00fcr 5 Konzerte\u00a0 80,00 \u20ac<\/strong><\/h2>\n<p><strong><em>F\u00fcr das Konzertjahr 2027 schon angedacht:<\/em><\/strong><\/p>\n<p>21. Februar 2027<\/p>\n<p>18. April 2027<\/p>\n<p>20. Juni 2027<\/p>\n<p>22. August 2027<\/p>\n<p>10. Oktober 2027<\/p>\n<p>&nbsp;<\/p>\n<p>&nbsp;<\/p>\n<p>&nbsp;<\/p>\n<h1><\/h1>\n","protected":false},"excerpt":{"rendered":"<p>Liebe Kammermusikfreunde,\u00a0 im \u00a0Konzertjahr 2026 pr\u00e4sentieren wir Ihnen Konzerte\u00a0 professioneller K\u00fcnstler. Das Schloss Imbshausen bietet ein einmaliges Ambiente f\u00fcr die Kammermusik im Vortragssaal. Von Northeim ist \u00fcber Langenholtensen\u00a0 Imbshausen in kurzer Fahrzeit zu erreichen. Im Festsaal sind circa 74 Pl\u00e4tze. Die Eintrittskarten k\u00f6nnen Sie telefonisch\u00a0 (05551 51803) oder per Mail an heinz-weyhing@t-online.de\u00a0 vorbestellen, oder etwa [&hellip;]<\/p>\n","protected":false},"author":1,"featured_media":0,"parent":0,"menu_order":0,"comment_status":"closed","ping_status":"closed","template":"","meta":{"footnotes":""},"class_list":["post-105","page","type-page","status-publish","hentry"],"_links":{"self":[{"href":"https:\/\/www.kammermusikforum.de\/index.php?rest_route=\/wp\/v2\/pages\/105","targetHints":{"allow":["GET"]}}],"collection":[{"href":"https:\/\/www.kammermusikforum.de\/index.php?rest_route=\/wp\/v2\/pages"}],"about":[{"href":"https:\/\/www.kammermusikforum.de\/index.php?rest_route=\/wp\/v2\/types\/page"}],"author":[{"embeddable":true,"href":"https:\/\/www.kammermusikforum.de\/index.php?rest_route=\/wp\/v2\/users\/1"}],"replies":[{"embeddable":true,"href":"https:\/\/www.kammermusikforum.de\/index.php?rest_route=%2Fwp%2Fv2%2Fcomments&post=105"}],"version-history":[{"count":60,"href":"https:\/\/www.kammermusikforum.de\/index.php?rest_route=\/wp\/v2\/pages\/105\/revisions"}],"predecessor-version":[{"id":1060,"href":"https:\/\/www.kammermusikforum.de\/index.php?rest_route=\/wp\/v2\/pages\/105\/revisions\/1060"}],"wp:attachment":[{"href":"https:\/\/www.kammermusikforum.de\/index.php?rest_route=%2Fwp%2Fv2%2Fmedia&parent=105"}],"curies":[{"name":"wp","href":"https:\/\/api.w.org\/{rel}","templated":true}]}}